{"id":5684,"date":"2023-09-22T18:17:02","date_gmt":"2023-09-22T16:17:02","guid":{"rendered":"https:\/\/comao-trading.com\/?page_id=5684"},"modified":"2025-08-27T20:19:57","modified_gmt":"2025-08-27T18:19:57","slug":"presentation","status":"publish","type":"page","link":"https:\/\/comao-trading.com\/?page_id=5684","title":{"rendered":"Pr\u00e9sentation de GOUANGZHOU COMAO TRADING"},"content":{"rendered":"\n<figure class=\"wp-block-image size-full is-resized\"><a href=\"https:\/\/i0.wp.com\/comao-trading.com\/wp-content\/uploads\/2025\/08\/image.jpg?ssl=1\"><img data-recalc-dims=\"1\" fetchpriority=\"high\" decoding=\"async\" width=\"650\" height=\"433\" src=\"https:\/\/i0.wp.com\/comao-trading.com\/wp-content\/uploads\/2025\/08\/image.jpg?resize=650%2C433&#038;ssl=1\" alt=\"\" class=\"wp-image-8751\" style=\"width:840px;height:auto\"\/><\/a><\/figure>\n\n\n\n<p><strong>\ud83c\udf0d Pr\u00e9sentation de GOUANGZHOU COMAO TRADING<\/strong><\/p>\n\n\n\n<p><strong>GOUANGZHOU COMAO TRADING<\/strong> est une entreprise sp\u00e9cialis\u00e9e dans le <strong>commerce international<\/strong>, implant\u00e9e \u00e0 <strong>Guangzhou (Chine)<\/strong> et \u00e0 <strong>Ouagadougou (Burkina Faso)<\/strong>.<br>Depuis notre cr\u00e9ation, nous nous engageons \u00e0 fournir aux entreprises africaines, en particulier en Afrique de l\u2019Ouest, des <strong>solutions d\u2019import-export fiables, rapides et comp\u00e9titives<\/strong>.<\/p>\n\n\n\n<p><strong>Nos Services<\/strong><\/p>\n\n\n\n<p>\u2705 <strong>Importation depuis la Chine<\/strong><br>Nous facilitons l\u2019importation de produits vari\u00e9s (\u00e9lectronique, mode, \u00e9quipements agricoles, etc.), en assurant la <strong>transparence et la s\u00e9curit\u00e9<\/strong> du processus, de la recherche de fournisseurs jusqu\u2019\u00e0 la livraison finale.<\/p>\n\n\n\n<p>\u2705 <strong>Exportation de produits burkinab\u00e8<\/strong><br>Nous accompagnons les producteurs locaux dans la conqu\u00eate des march\u00e9s internationaux en mettant en avant les richesses agricoles et artisanales du Burkina Faso.<\/p>\n\n\n\n<p>\u2705 <strong>Logistique internationale<\/strong><br>Gr\u00e2ce \u00e0 notre expertise, nous prenons en charge la gestion compl\u00e8te des marchandises :<\/p>\n\n\n\n<ul class=\"wp-block-list\">\n<li>Formalit\u00e9s douani\u00e8res<\/li>\n\n\n\n<li>Groupage maritime (LCL)<\/li>\n\n\n\n<li>Transport a\u00e9rien (Air Cargo)<\/li>\n\n\n\n<li>Suivi et livraison<\/li>\n<\/ul>\n\n\n\n<p>\u2705 <strong>Distribution &amp; commercialisation<\/strong><br>Nous aidons nos clients \u00e0 positionner efficacement leurs produits sur les march\u00e9s locaux et internationaux gr\u00e2ce \u00e0 une connaissance approfondie des tendances et des besoins des consommateurs.<\/p>\n\n\n\n<p><strong>\ud83d\udce6 Importation depuis la Chine : Nos Forces<\/strong><\/p>\n\n\n\n<p><strong>1. \u00c9lectronique<\/strong><\/p>\n\n\n\n<ul class=\"wp-block-list\">\n<li><strong>Prix comp\u00e9titifs<\/strong> gr\u00e2ce \u00e0 la fabrication \u00e0 grande \u00e9chelle.<\/li>\n\n\n\n<li><strong>Large choix<\/strong> : smartphones, accessoires, appareils divers.<\/li>\n\n\n\n<li><strong>Qualit\u00e9 croissante<\/strong> : fiabilit\u00e9 et satisfaction client.<\/li>\n<\/ul>\n\n\n\n<p><strong>2. Mode (v\u00eatements, chaussures, accessoires)<\/strong><\/p>\n\n\n\n<ul class=\"wp-block-list\">\n<li>Produits <strong>tendance et attractifs<\/strong>.<\/li>\n\n\n\n<li><strong>Tarifs abordables<\/strong>, accessibles \u00e0 tous types de clients.<\/li>\n\n\n\n<li><strong>Personnalisation<\/strong> possible pour cr\u00e9er sa propre marque.<\/li>\n<\/ul>\n\n\n\n<p><strong>3. Produits agricoles &amp; \u00e9quipements<\/strong><\/p>\n\n\n\n<ul class=\"wp-block-list\">\n<li>Acc\u00e8s \u00e0 des <strong>technologies agricoles innovantes<\/strong>.<\/li>\n\n\n\n<li>Diversification des produits disponibles sur le march\u00e9.<\/li>\n\n\n\n<li>R\u00e9duction des co\u00fbts de production.<\/li>\n<\/ul>\n\n\n\n<p><strong>\ud83d\udea2<\/strong><strong>\u2708 Nos Solutions Logistiques<\/strong><\/p>\n\n\n\n<p><strong>Groupage Maritime (LCL)<\/strong><\/p>\n\n\n\n<p>Une option \u00e9conomique pour exp\u00e9dier vos marchandises sans avoir besoin de remplir un conteneur complet.<br>\ud83d\udc49 Id\u00e9al pour PME, petites quantit\u00e9s et importateurs occasionnels.<\/p>\n\n\n\n<p><strong>Air Cargo<\/strong><\/p>\n\n\n\n<p>La solution <strong>rapide et fiable<\/strong> pour vos envois urgents et vos produits sensibles.<br>\ud83d\udc49 Id\u00e9al pour produits p\u00e9rissables, livraisons express et marchandises \u00e0 haute valeur.<\/p>\n\n\n\n<p><strong>\ud83c\udfaf Notre Valeur Ajout\u00e9e<\/strong><\/p>\n\n\n\n<ul class=\"wp-block-list\">\n<li><strong>Optimisation des co\u00fbts<\/strong> gr\u00e2ce \u00e0 nos solutions adapt\u00e9es.<\/li>\n\n\n\n<li><strong>Gain de temps<\/strong> par une gestion logistique simplifi\u00e9e.<\/li>\n\n\n\n<li><strong>Acc\u00e8s direct aux opportunit\u00e9s<\/strong> entre l\u2019Afrique et la Chine.<\/li>\n\n\n\n<li><strong>Accompagnement personnalis\u00e9<\/strong> \u00e0 chaque \u00e9tape du commerce international.<\/li>\n<\/ul>\n\n\n\n<p><strong>Conclusion<\/strong><\/p>\n\n\n\n<p>Chez <strong>GOUANGZHOU COMAO TRADING<\/strong>, nous sommes plus qu\u2019un simple interm\u00e9diaire : nous sommes votre <strong>partenaire strat\u00e9gique<\/strong> pour r\u00e9ussir vos affaires entre la Chine et l\u2019Afrique.<br>Que vous choisissiez le <strong>groupage maritime<\/strong> ou l\u2019<strong>air cargo<\/strong>, nous vous aidons \u00e0 faire le bon choix selon vos besoins.<\/p>\n\n\n\n<p>\ud83d\udce9 <strong>Contactez-nous d\u00e8s aujourd\u2019hui<\/strong> pour transformer vos ambitions commerciales en r\u00e9alit\u00e9.<\/p>\n\n\n\n<p><\/p>\n","protected":false},"excerpt":{"rendered":"<p>\ud83c\udf0d Pr\u00e9sentation de GOUANGZHOU COMAO TRADING GOUANGZHOU COMAO TRADING est une entreprise sp\u00e9cialis\u00e9e dans le commerce international, implant\u00e9e \u00e0 Guangzhou (Chine) et \u00e0 Ouagadougou (Burkina Faso).Depuis notre cr\u00e9ation, nous nous engageons \u00e0 fournir aux entreprises africaines, en particulier en Afrique de l\u2019Ouest, des solutions d\u2019import-export fiables, rapides et comp\u00e9titives. Nos Services \u2705 Importation depuis la &hellip; <a href=\"https:\/\/comao-trading.com\/?page_id=5684\" class=\"more-link\">Continue reading <span class=\"screen-reader-text\">Pr\u00e9sentation de GOUANGZHOU COMAO TRADING<\/span><\/a><\/p>\n","protected":false},"author":1,"featured_media":8662,"parent":0,"menu_order":0,"comment_status":"closed","ping_status":"closed","template":"","meta":{"_acf_changed":false,"om_disable_all_campaigns":false,"_monsterinsights_skip_tracking":false,"_monsterinsights_sitenote_active":false,"_monsterinsights_sitenote_note":"","_monsterinsights_sitenote_category":0,"_uf_show_specific_survey":0,"_uf_disable_surveys":false,"jetpack_post_was_ever_published":false,"footnotes":""},"class_list":["post-5684","page","type-page","status-publish","has-post-thumbnail","hentry"],"acf":[],"aioseo_notices":[],"jetpack-related-posts":[],"jetpack_sharing_enabled":true,"_links":{"self":[{"href":"https:\/\/comao-trading.com\/index.php?rest_route=\/wp\/v2\/pages\/5684","targetHints":{"allow":["GET"]}}],"collection":[{"href":"https:\/\/comao-trading.com\/index.php?rest_route=\/wp\/v2\/pages"}],"about":[{"href":"https:\/\/comao-trading.com\/index.php?rest_route=\/wp\/v2\/types\/page"}],"author":[{"embeddable":true,"href":"https:\/\/comao-trading.com\/index.php?rest_route=\/wp\/v2\/users\/1"}],"replies":[{"embeddable":true,"href":"https:\/\/comao-trading.com\/index.php?rest_route=%2Fwp%2Fv2%2Fcomments&post=5684"}],"version-history":[{"count":4,"href":"https:\/\/comao-trading.com\/index.php?rest_route=\/wp\/v2\/pages\/5684\/revisions"}],"predecessor-version":[{"id":8752,"href":"https:\/\/comao-trading.com\/index.php?rest_route=\/wp\/v2\/pages\/5684\/revisions\/8752"}],"wp:featuredmedia":[{"embeddable":true,"href":"https:\/\/comao-trading.com\/index.php?rest_route=\/wp\/v2\/media\/8662"}],"wp:attachment":[{"href":"https:\/\/comao-trading.com\/index.php?rest_route=%2Fwp%2Fv2%2Fmedia&parent=5684"}],"curies":[{"name":"wp","href":"https:\/\/api.w.org\/{rel}","templated":true}]}}