{"id":2603,"date":"2016-03-17T07:54:47","date_gmt":"2016-03-17T07:54:47","guid":{"rendered":"https:\/\/demo2.chethemes.com\/electro\/?post_type=product&#038;p=2603"},"modified":"2026-04-11T18:42:55","modified_gmt":"2026-04-11T16:42:55","slug":"wireless-audio-system-multiroom-360","status":"publish","type":"product","link":"https:\/\/comao-trading.com\/?product=wireless-audio-system-multiroom-360","title":{"rendered":"Wireless Audio System Multiroom 360"},"content":{"rendered":"<p><img data-recalc-dims=\"1\" fetchpriority=\"high\" decoding=\"async\" class=\"alignnone size-medium wp-image-5708\" src=\"https:\/\/i0.wp.com\/comao-trading.com\/wp-content\/uploads\/2016\/03\/samsung-multiroom.png?resize=300%2C230\" alt=\"\" width=\"300\" height=\"230\" \/><\/p>\n<p>Un \u00e9cran Retina r\u00e9volutionnaire. Puissants processeurs Intel double c\u0153ur et quadric\u0153ur. Stockage flash rapide. Graphiques hautes performances. Excellentes applications int\u00e9gr\u00e9es. Et maintenant, dans le mod\u00e8le 13 pouces, un nouveau trackpad Force Touch r\u00e9volutionnaire et une autonomie de batterie encore plus longue.1 Quoi que vous puissiez imaginer, le MacBook Pro avec \u00e9cran Retina vous donne le pouvoir de cr\u00e9er.<\/p>\n<p>La conception du MacBook Pro offre beaucoup de puissance dans peu d\u2019espace. Parce que nous pensons que les hautes performances ne doivent pas se faire au d\u00e9triment de la portabilit\u00e9. Et bien qu\u2019ils soient si compacts, les nouveaux mod\u00e8les de MacBook Pro 13 pouces et 15 pouces avec \u00e9cran Retina offrent d\u00e9sormais respectivement jusqu\u2019\u00e0 10 heures et neuf heures d\u2019autonomie, soit une heure de plus que les mod\u00e8les pr\u00e9c\u00e9dents.<\/p>\n","protected":false},"excerpt":{"rendered":"<ul>\n<li><span class=\"a-list-item\">360 Omnidirectional Sound<\/span><\/li>\n<li><span class=\"a-list-item\">Easy Intuitive Control<\/span><\/li>\n<li><span class=\"a-list-item\">Multiroom App<\/span><\/li>\n<\/ul>\n","protected":false},"featured_media":5709,"comment_status":"open","ping_status":"closed","template":"","meta":{"_acf_changed":false,"om_disable_all_campaigns":false,"_monsterinsights_skip_tracking":false,"_monsterinsights_sitenote_active":false,"_monsterinsights_sitenote_note":"","_monsterinsights_sitenote_category":0,"_uf_show_specific_survey":0,"_uf_disable_surveys":false,"jetpack_post_was_ever_published":false},"product_brand":[],"product_cat":[162,138],"product_tag":[],"class_list":{"0":"post-2603","1":"product","2":"type-product","3":"status-publish","4":"has-post-thumbnail","6":"product_cat-audio-speakers","7":"product_cat-tv-audio","10":"instock","11":"taxable","12":"shipping-taxable","13":"purchasable","14":"product-type-simple"},"acf":[],"aioseo_notices":[],"jetpack-related-posts":[],"jetpack_sharing_enabled":true,"_links":{"self":[{"href":"https:\/\/comao-trading.com\/index.php?rest_route=\/wp\/v2\/product\/2603","targetHints":{"allow":["GET"]}}],"collection":[{"href":"https:\/\/comao-trading.com\/index.php?rest_route=\/wp\/v2\/product"}],"about":[{"href":"https:\/\/comao-trading.com\/index.php?rest_route=\/wp\/v2\/types\/product"}],"replies":[{"embeddable":true,"href":"https:\/\/comao-trading.com\/index.php?rest_route=%2Fwp%2Fv2%2Fcomments&post=2603"}],"version-history":[{"count":2,"href":"https:\/\/comao-trading.com\/index.php?rest_route=\/wp\/v2\/product\/2603\/revisions"}],"predecessor-version":[{"id":8753,"href":"https:\/\/comao-trading.com\/index.php?rest_route=\/wp\/v2\/product\/2603\/revisions\/8753"}],"wp:featuredmedia":[{"embeddable":true,"href":"https:\/\/comao-trading.com\/index.php?rest_route=\/wp\/v2\/media\/5709"}],"wp:attachment":[{"href":"https:\/\/comao-trading.com\/index.php?rest_route=%2Fwp%2Fv2%2Fmedia&parent=2603"}],"wp:term":[{"taxonomy":"product_brand","embeddable":true,"href":"https:\/\/comao-trading.com\/index.php?rest_route=%2Fwp%2Fv2%2Fproduct_brand&post=2603"},{"taxonomy":"product_cat","embeddable":true,"href":"https:\/\/comao-trading.com\/index.php?rest_route=%2Fwp%2Fv2%2Fproduct_cat&post=2603"},{"taxonomy":"product_tag","embeddable":true,"href":"https:\/\/comao-trading.com\/index.php?rest_route=%2Fwp%2Fv2%2Fproduct_tag&post=2603"}],"curies":[{"name":"wp","href":"https:\/\/api.w.org\/{rel}","templated":true}]}}