{"id":2719,"date":"2016-03-19T14:32:56","date_gmt":"2016-03-19T14:32:56","guid":{"rendered":"https:\/\/demo2.chethemes.com\/electro\/?post_type=product&#038;p=2719"},"modified":"2024-05-23T02:01:33","modified_gmt":"2024-05-23T00:01:33","slug":"purple-nx-mini-f1-aparat-smart-nx","status":"publish","type":"product","link":"https:\/\/comao-trading.com\/?product=purple-nx-mini-f1-aparat-smart-nx","title":{"rendered":"Casques de s\u00e9curit\u00e9 industriels \u00e0 bas prix Casques de s\u00e9curit\u00e9 de construction comp\u00e9titifs pour la vente en gros"},"content":{"rendered":"<p>Casque de s\u00e9curit\u00e9<\/p>\n<h4>1. Color(4)<\/h4>\n<p><a class=\"image\" href=\"https:\/\/www.alibaba.com\/product-detail\/Promoting-cheapest-price-V-guard-PP_1600445348176.html?spm=a2700.details.you_may_like.3.59312b4fTIfZgs#\"><img data-recalc-dims=\"1\" decoding=\"async\" src=\"https:\/\/i0.wp.com\/sc04.alicdn.com\/kf\/H4db3aec0656f4ad79a8e34f00b2f89d8Y.jpg_100x100.jpg?w=660&#038;ssl=1\" \/><\/a><a class=\"image\" href=\"https:\/\/www.alibaba.com\/product-detail\/Promoting-cheapest-price-V-guard-PP_1600445348176.html?spm=a2700.details.you_may_like.3.59312b4fTIfZgs#\"><img data-recalc-dims=\"1\" decoding=\"async\" src=\"https:\/\/i0.wp.com\/sc04.alicdn.com\/kf\/Ha2adc0dd55524b54b4a6e12e57a4332bm.jpg_100x100.jpg?w=660&#038;ssl=1\" \/><\/a><a class=\"image\" href=\"https:\/\/www.alibaba.com\/product-detail\/Promoting-cheapest-price-V-guard-PP_1600445348176.html?spm=a2700.details.you_may_like.3.59312b4fTIfZgs#\"><img data-recalc-dims=\"1\" decoding=\"async\" src=\"https:\/\/i0.wp.com\/sc04.alicdn.com\/kf\/H223d13d0dcfa42b595fb0b7fee5537177.jpg_100x100.jpg?w=660&#038;ssl=1\" \/><\/a><a class=\"image\" href=\"https:\/\/www.alibaba.com\/product-detail\/Promoting-cheapest-price-V-guard-PP_1600445348176.html?spm=a2700.details.you_may_like.3.59312b4fTIfZgs#\"><img data-recalc-dims=\"1\" decoding=\"async\" src=\"https:\/\/i0.wp.com\/sc04.alicdn.com\/kf\/Hbd318fb1559048778bf894bbdea2e588X.jpg_100x100.jpg?w=660&#038;ssl=1\" \/><\/a><\/p>\n<div><\/div>\n","protected":false},"excerpt":{"rendered":"<ul>\n<li><span class=\"a-list-item\">No more blur and noise<\/span><\/li>\n<li><span class=\"a-list-item\">Cloud storage<\/span><\/li>\n<li><span class=\"a-list-item\">HD video recording<\/span><\/li>\n<li><span class=\"a-list-item\">Perfect for Selfies<\/span><\/li>\n<li><span class=\"a-list-item\">Enjoy advanced editing capabilities with the bundled Adobe Photoshop Lightroom 5 software.<\/span><\/li>\n<\/ul>\n","protected":false},"featured_media":5771,"comment_status":"open","ping_status":"closed","template":"","meta":{"_acf_changed":false,"om_disable_all_campaigns":false,"_monsterinsights_skip_tracking":false,"_monsterinsights_sitenote_active":false,"_monsterinsights_sitenote_note":"","_monsterinsights_sitenote_category":0,"_uf_show_specific_survey":0,"_uf_disable_surveys":false,"jetpack_post_was_ever_published":false},"product_brand":[],"product_cat":[241],"product_tag":[],"class_list":{"0":"post-2719","1":"product","2":"type-product","3":"status-publish","4":"has-post-thumbnail","6":"product_cat-construction-btp","9":"instock","10":"taxable","11":"shipping-taxable","12":"purchasable","13":"product-type-simple"},"acf":[],"aioseo_notices":[],"jetpack-related-posts":[],"jetpack_sharing_enabled":true,"_links":{"self":[{"href":"https:\/\/comao-trading.com\/index.php?rest_route=\/wp\/v2\/product\/2719","targetHints":{"allow":["GET"]}}],"collection":[{"href":"https:\/\/comao-trading.com\/index.php?rest_route=\/wp\/v2\/product"}],"about":[{"href":"https:\/\/comao-trading.com\/index.php?rest_route=\/wp\/v2\/types\/product"}],"replies":[{"embeddable":true,"href":"https:\/\/comao-trading.com\/index.php?rest_route=%2Fwp%2Fv2%2Fcomments&post=2719"}],"version-history":[{"count":1,"href":"https:\/\/comao-trading.com\/index.php?rest_route=\/wp\/v2\/product\/2719\/revisions"}],"predecessor-version":[{"id":5770,"href":"https:\/\/comao-trading.com\/index.php?rest_route=\/wp\/v2\/product\/2719\/revisions\/5770"}],"wp:featuredmedia":[{"embeddable":true,"href":"https:\/\/comao-trading.com\/index.php?rest_route=\/wp\/v2\/media\/5771"}],"wp:attachment":[{"href":"https:\/\/comao-trading.com\/index.php?rest_route=%2Fwp%2Fv2%2Fmedia&parent=2719"}],"wp:term":[{"taxonomy":"product_brand","embeddable":true,"href":"https:\/\/comao-trading.com\/index.php?rest_route=%2Fwp%2Fv2%2Fproduct_brand&post=2719"},{"taxonomy":"product_cat","embeddable":true,"href":"https:\/\/comao-trading.com\/index.php?rest_route=%2Fwp%2Fv2%2Fproduct_cat&post=2719"},{"taxonomy":"product_tag","embeddable":true,"href":"https:\/\/comao-trading.com\/index.php?rest_route=%2Fwp%2Fv2%2Fproduct_tag&post=2719"}],"curies":[{"name":"wp","href":"https:\/\/api.w.org\/{rel}","templated":true}]}}