{"id":2928,"date":"2016-03-26T14:00:38","date_gmt":"2016-03-26T14:00:38","guid":{"rendered":"https:\/\/demo2.chethemes.com\/electro\/product\/smartphone-6s-128gb-lte\/"},"modified":"2024-02-18T20:45:19","modified_gmt":"2024-02-18T19:45:19","slug":"smartphone-6s-128gb-lte","status":"publish","type":"product","link":"https:\/\/comao-trading.com\/?product=smartphone-6s-128gb-lte","title":{"rendered":"APPLE iPhone 13 128 Go Midnight (2021) &#8211;"},"content":{"rendered":"<p><img data-recalc-dims=\"1\" fetchpriority=\"high\" decoding=\"async\" class=\"alignnone size-medium wp-image-5759\" src=\"https:\/\/i0.wp.com\/comao-trading.com\/wp-content\/uploads\/2016\/03\/OIP-1.jpg?resize=300%2C300\" alt=\"\" width=\"300\" height=\"300\" \/><\/p>\n<p>Un \u00e9cran Retina r\u00e9volutionnaire. De puissants processeurs Intel double c\u0153ur et quadruple c\u0153ur. Stockage flash rapide. Des graphismes hautes performances. D&#8217;excellentes applications int\u00e9gr\u00e9es. Et maintenant, dans le mod\u00e8le 13 pouces, un nouveau trackpad Force Touch r\u00e9volutionnaire et une autonomie de batterie encore plus longue.1 Quoi que vous puissiez imaginer, MacBook Pro avec \u00e9cran Retina vous donne le pouvoir de cr\u00e9er.<\/p>\n<p>La conception du MacBook Pro permet d&#8217;obtenir beaucoup de puissance dans un espace r\u00e9duit. Nous pensons en effet que les performances \u00e9lev\u00e9es ne doivent pas se faire au d\u00e9triment de la portabilit\u00e9. Et malgr\u00e9 leur compacit\u00e9, les nouveaux mod\u00e8les MacBook Pro 13 pouces et 15 pouces avec \u00e9cran Retina offrent d\u00e9sormais jusqu&#8217;\u00e0 10 heures et 9 heures d&#8217;autonomie, respectivement, soit une heure de plus que les mod\u00e8les pr\u00e9c\u00e9dents.<\/p>\n<p><img data-recalc-dims=\"1\" decoding=\"async\" class=\"alignnone size-medium wp-image-5760\" src=\"https:\/\/i0.wp.com\/comao-trading.com\/wp-content\/uploads\/2016\/03\/OIP.jpg?resize=300%2C300\" alt=\"\" width=\"300\" height=\"300\" \/><\/p>\n<p>Avec Multi-Touch dans OS X, vous pouvez utiliser des gestes r\u00e9alistes comme le glissement ou le pincement pour passer d&#8217;une application \u00e0 l&#8217;autre, naviguer dans votre contenu et tirer le meilleur parti de votre espace de travail.<\/p>\n","protected":false},"excerpt":{"rendered":"<ul>\n<li>4.5 inch HD Screen<\/li>\n<li>Android 4.4 KitKat OS<\/li>\n<li>1.4 GHz Quad Core\u2122 Processor<\/li>\n<li>20 MP front Camera<\/li>\n<\/ul>\n","protected":false},"featured_media":5758,"comment_status":"open","ping_status":"closed","template":"","meta":{"_acf_changed":false,"om_disable_all_campaigns":false,"_monsterinsights_skip_tracking":false,"_monsterinsights_sitenote_active":false,"_monsterinsights_sitenote_note":"","_monsterinsights_sitenote_category":0,"_uf_show_specific_survey":0,"_uf_disable_surveys":false,"jetpack_post_was_ever_published":false},"product_brand":[],"product_cat":[122,123],"product_tag":[],"class_list":{"0":"post-2928","1":"product","2":"type-product","3":"status-publish","4":"has-post-thumbnail","6":"product_cat-smart-phones-tablets","7":"product_cat-smartphones","10":"outofstock","11":"featured","12":"taxable","13":"shipping-taxable","14":"product-type-simple"},"acf":[],"aioseo_notices":[],"jetpack-related-posts":[],"jetpack_sharing_enabled":true,"_links":{"self":[{"href":"https:\/\/comao-trading.com\/index.php?rest_route=\/wp\/v2\/product\/2928","targetHints":{"allow":["GET"]}}],"collection":[{"href":"https:\/\/comao-trading.com\/index.php?rest_route=\/wp\/v2\/product"}],"about":[{"href":"https:\/\/comao-trading.com\/index.php?rest_route=\/wp\/v2\/types\/product"}],"replies":[{"embeddable":true,"href":"https:\/\/comao-trading.com\/index.php?rest_route=%2Fwp%2Fv2%2Fcomments&post=2928"}],"version-history":[{"count":1,"href":"https:\/\/comao-trading.com\/index.php?rest_route=\/wp\/v2\/product\/2928\/revisions"}],"predecessor-version":[{"id":5757,"href":"https:\/\/comao-trading.com\/index.php?rest_route=\/wp\/v2\/product\/2928\/revisions\/5757"}],"wp:featuredmedia":[{"embeddable":true,"href":"https:\/\/comao-trading.com\/index.php?rest_route=\/wp\/v2\/media\/5758"}],"wp:attachment":[{"href":"https:\/\/comao-trading.com\/index.php?rest_route=%2Fwp%2Fv2%2Fmedia&parent=2928"}],"wp:term":[{"taxonomy":"product_brand","embeddable":true,"href":"https:\/\/comao-trading.com\/index.php?rest_route=%2Fwp%2Fv2%2Fproduct_brand&post=2928"},{"taxonomy":"product_cat","embeddable":true,"href":"https:\/\/comao-trading.com\/index.php?rest_route=%2Fwp%2Fv2%2Fproduct_cat&post=2928"},{"taxonomy":"product_tag","embeddable":true,"href":"https:\/\/comao-trading.com\/index.php?rest_route=%2Fwp%2Fv2%2Fproduct_tag&post=2928"}],"curies":[{"name":"wp","href":"https:\/\/api.w.org\/{rel}","templated":true}]}}