{"id":5663,"date":"2023-09-12T16:19:09","date_gmt":"2023-09-12T14:19:09","guid":{"rendered":"https:\/\/comao-trading.com\/?post_type=product&#038;p=5663"},"modified":"2024-07-07T18:15:56","modified_gmt":"2024-07-07T16:15:56","slug":"caterpillar","status":"publish","type":"product","link":"https:\/\/comao-trading.com\/?product=caterpillar","title":{"rendered":"Pelleteuse semi-hydraulique Chargeuses sur pneus portables Sem655d"},"content":{"rendered":"<p><strong>Op\u00e9ration d&#8217;excavation l\u00e9g\u00e8re Op\u00e9ration de pelleteuse semi-hydraulique Chargeuses sur pneus portables Sem655d<\/strong><\/p>\n<table style=\"height: 242px;\" width=\"440\">\n<tbody>\n<tr>\n<th class=\"th-label\" width=\"160\">After-sales Service:<\/th>\n<td>with Spare Parts Service<\/td>\n<\/tr>\n<tr>\n<th class=\"th-label\" width=\"160\">Warranty:<\/th>\n<td>12 Months<\/td>\n<\/tr>\n<tr>\n<th class=\"th-label\" width=\"160\">certificat:<\/th>\n<td>TUV, ISO, RoHS, CE<\/td>\n<\/tr>\n<tr>\n<th class=\"th-label\" width=\"160\">Condition:<\/th>\n<td>Nouveau<\/td>\n<\/tr>\n<tr>\n<th class=\"th-label\" width=\"160\">charge nominale:<\/th>\n<td>3-6t<\/td>\n<\/tr>\n<tr>\n<th class=\"th-label\" width=\"160\">Transmission:<\/th>\n<td>Hydraulique<\/td>\n<\/tr>\n<\/tbody>\n<\/table>\n<p>&nbsp;<\/p>\n<p>&nbsp;<\/p>\n","protected":false},"excerpt":{"rendered":"<p>Op\u00e9ration d&#8217;excavation l\u00e9g\u00e8re Op\u00e9ration de pelleteuse semi-hydraulique Chargeuses sur pneus portables Sem655d After-sales Service: with Spare Parts Service Warranty: 12 Months certificat: TUV, ISO, RoHS, CE Condition: Nouveau charge nominale: 3-6t Transmission: Hydraulique &nbsp; &nbsp;<\/p>\n","protected":false},"featured_media":5754,"comment_status":"open","ping_status":"closed","template":"","meta":{"_acf_changed":false,"om_disable_all_campaigns":false,"_monsterinsights_skip_tracking":false,"_monsterinsights_sitenote_active":false,"_monsterinsights_sitenote_note":"","_monsterinsights_sitenote_category":0,"_uf_show_specific_survey":0,"_uf_disable_surveys":false,"jetpack_post_was_ever_published":false},"product_brand":[],"product_cat":[241],"product_tag":[],"class_list":{"0":"post-5663","1":"product","2":"type-product","3":"status-publish","4":"has-post-thumbnail","6":"product_cat-construction-btp","9":"instock","10":"taxable","11":"shipping-taxable","12":"product-type-simple"},"acf":[],"aioseo_notices":[],"jetpack-related-posts":[],"jetpack_sharing_enabled":true,"_links":{"self":[{"href":"https:\/\/comao-trading.com\/index.php?rest_route=\/wp\/v2\/product\/5663","targetHints":{"allow":["GET"]}}],"collection":[{"href":"https:\/\/comao-trading.com\/index.php?rest_route=\/wp\/v2\/product"}],"about":[{"href":"https:\/\/comao-trading.com\/index.php?rest_route=\/wp\/v2\/types\/product"}],"replies":[{"embeddable":true,"href":"https:\/\/comao-trading.com\/index.php?rest_route=%2Fwp%2Fv2%2Fcomments&post=5663"}],"version-history":[{"count":1,"href":"https:\/\/comao-trading.com\/index.php?rest_route=\/wp\/v2\/product\/5663\/revisions"}],"predecessor-version":[{"id":5753,"href":"https:\/\/comao-trading.com\/index.php?rest_route=\/wp\/v2\/product\/5663\/revisions\/5753"}],"wp:featuredmedia":[{"embeddable":true,"href":"https:\/\/comao-trading.com\/index.php?rest_route=\/wp\/v2\/media\/5754"}],"wp:attachment":[{"href":"https:\/\/comao-trading.com\/index.php?rest_route=%2Fwp%2Fv2%2Fmedia&parent=5663"}],"wp:term":[{"taxonomy":"product_brand","embeddable":true,"href":"https:\/\/comao-trading.com\/index.php?rest_route=%2Fwp%2Fv2%2Fproduct_brand&post=5663"},{"taxonomy":"product_cat","embeddable":true,"href":"https:\/\/comao-trading.com\/index.php?rest_route=%2Fwp%2Fv2%2Fproduct_cat&post=5663"},{"taxonomy":"product_tag","embeddable":true,"href":"https:\/\/comao-trading.com\/index.php?rest_route=%2Fwp%2Fv2%2Fproduct_tag&post=5663"}],"curies":[{"name":"wp","href":"https:\/\/api.w.org\/{rel}","templated":true}]}}