{"id":5665,"date":"2023-09-12T16:43:21","date_gmt":"2023-09-12T14:43:21","guid":{"rendered":"https:\/\/comao-trading.com\/?post_type=product&#038;p=5665"},"modified":"2025-06-05T01:04:04","modified_gmt":"2025-06-04T23:04:04","slug":"cimenterie","status":"publish","type":"product","link":"https:\/\/comao-trading.com\/?product=cimenterie","title":{"rendered":"b\u00e9tonni\u00e8re Sinotruk volum\u00e9trique HOWO"},"content":{"rendered":"<table style=\"height: 262px;\" width=\"409\">\n<tbody>\n<tr>\n<th class=\"th-label\" width=\"160\">After-sales Service:<\/th>\n<td>oui<\/td>\n<\/tr>\n<tr>\n<th class=\"th-label\" width=\"160\">Garantie:<\/th>\n<td>with<\/td>\n<\/tr>\n<tr>\n<th class=\"th-label\" width=\"160\">Certificat:<\/th>\n<td>ISO9000, CCC, CE<\/td>\n<\/tr>\n<tr>\n<th class=\"th-label\" width=\"160\">Type de transmission:<\/th>\n<td>Manuel<\/td>\n<\/tr>\n<tr>\n<th class=\"th-label\" width=\"160\">Norme d\u2032\u00e9mission:<\/th>\n<td>Euro 4<\/td>\n<\/tr>\n<tr>\n<th class=\"th-label\" width=\"160\">D\u00e9placement:<\/th>\n<td>9<\/td>\n<\/tr>\n<\/tbody>\n<\/table>\n","protected":false},"excerpt":{"rendered":"<p>After-sales Service: oui Garantie: with Certificat: ISO9000, CCC, CE Type de transmission: Manuel Norme d\u2032\u00e9mission: Euro 4 D\u00e9placement: 9<\/p>\n","protected":false},"featured_media":5743,"comment_status":"open","ping_status":"closed","template":"","meta":{"_acf_changed":false,"om_disable_all_campaigns":false,"_monsterinsights_skip_tracking":false,"_monsterinsights_sitenote_active":false,"_monsterinsights_sitenote_note":"","_monsterinsights_sitenote_category":0,"_uf_show_specific_survey":0,"_uf_disable_surveys":false,"jetpack_post_was_ever_published":false},"product_brand":[],"product_cat":[238],"product_tag":[],"class_list":{"0":"post-5665","1":"product","2":"type-product","3":"status-publish","4":"has-post-thumbnail","6":"product_cat-industriel","9":"instock","10":"taxable","11":"shipping-taxable","12":"product-type-simple"},"acf":[],"aioseo_notices":[],"jetpack-related-posts":[],"jetpack_sharing_enabled":true,"_links":{"self":[{"href":"https:\/\/comao-trading.com\/index.php?rest_route=\/wp\/v2\/product\/5665","targetHints":{"allow":["GET"]}}],"collection":[{"href":"https:\/\/comao-trading.com\/index.php?rest_route=\/wp\/v2\/product"}],"about":[{"href":"https:\/\/comao-trading.com\/index.php?rest_route=\/wp\/v2\/types\/product"}],"replies":[{"embeddable":true,"href":"https:\/\/comao-trading.com\/index.php?rest_route=%2Fwp%2Fv2%2Fcomments&post=5665"}],"version-history":[{"count":1,"href":"https:\/\/comao-trading.com\/index.php?rest_route=\/wp\/v2\/product\/5665\/revisions"}],"predecessor-version":[{"id":5744,"href":"https:\/\/comao-trading.com\/index.php?rest_route=\/wp\/v2\/product\/5665\/revisions\/5744"}],"wp:featuredmedia":[{"embeddable":true,"href":"https:\/\/comao-trading.com\/index.php?rest_route=\/wp\/v2\/media\/5743"}],"wp:attachment":[{"href":"https:\/\/comao-trading.com\/index.php?rest_route=%2Fwp%2Fv2%2Fmedia&parent=5665"}],"wp:term":[{"taxonomy":"product_brand","embeddable":true,"href":"https:\/\/comao-trading.com\/index.php?rest_route=%2Fwp%2Fv2%2Fproduct_brand&post=5665"},{"taxonomy":"product_cat","embeddable":true,"href":"https:\/\/comao-trading.com\/index.php?rest_route=%2Fwp%2Fv2%2Fproduct_cat&post=5665"},{"taxonomy":"product_tag","embeddable":true,"href":"https:\/\/comao-trading.com\/index.php?rest_route=%2Fwp%2Fv2%2Fproduct_tag&post=5665"}],"curies":[{"name":"wp","href":"https:\/\/api.w.org\/{rel}","templated":true}]}}