{"id":6300,"date":"2021-06-03T08:47:37","date_gmt":"2021-06-03T08:47:37","guid":{"rendered":"https:\/\/el3.thembaydev.com\/besa2\/?post_type=product&#038;p=6300"},"modified":"2025-10-09T00:36:08","modified_gmt":"2025-10-08T22:36:08","slug":"korean-checkerboard-shirt-smv12","status":"publish","type":"product","link":"https:\/\/comao-trading.com\/?product=korean-checkerboard-shirt-smv12","title":{"rendered":"Voitures \u00e0 essence Jetour X70 Plus 2025 180 km\/h V\u00e9hicules SUV \u00e0 essence"},"content":{"rendered":"\t\t<div data-elementor-type=\"wp-post\" data-elementor-id=\"6300\" class=\"elementor elementor-6300\">\n\t\t\t\t\t\t<section class=\"elementor-section elementor-top-section elementor-element elementor-element-bf313c4 elementor-section-boxed elementor-section-height-default elementor-section-height-default\" data-id=\"bf313c4\" data-element_type=\"section\">\n\t\t\t\t\t\t<div class=\"elementor-container elementor-column-gap-no gx-0\">\n\t\t\t\t\t<div class=\"elementor-column elementor-col-100 elementor-top-column elementor-element elementor-element-ba79645\" data-id=\"ba79645\" data-element_type=\"column\">\n\t\t\t<div class=\"elementor-widget-wrap elementor-element-populated\">\n\t\t\t\t\t\t<div class=\"elementor-element elementor-element-8f92051 elementor-widget elementor-widget-text-editor\" data-id=\"8f92051\" data-element_type=\"widget\" data-widget_type=\"text-editor.default\">\n\t\t\t\t<div class=\"elementor-widget-container\">\n\t\t\t\t\t\t\t\t\t<table><thead><tr><th>Cat\u00e9gorie<\/th><th>D\u00e9tail<\/th><\/tr><\/thead><tbody><tr><td><strong>Marque \/ Mod\u00e8le<\/strong><\/td><td>Jetour X70 Plus 2025<\/td><\/tr><tr><td><strong>Segment<\/strong><\/td><td>SUV familial \/ interm\u00e9diaire<\/td><\/tr><tr><td><strong>\u00c9nergie \/ Motorisation<\/strong><\/td><td>Essence, moteur turbo 1.5 L (4 cylindres, ligne, turbo) (<a title=\"2025 JETOUR X70 PLUS 1.5T 6DCT 5 places Chine Concessionnaire automobile - Auto en Chine\" href=\"https:\/\/www.auto-in-china.com\/fr\/product\/2025-jetour-x70-plus-1-5t-6dct-5-seater-china-car-dealer\/?utm_source=chatgpt.com\">Auto in China<\/a>)<\/td><\/tr><tr><td><strong>Versions de puissance<\/strong><\/td><td>~156 ch (115 kW), couple \u2248 230 Nm \u2013 version de base. (<a title=\"2025 JETOUR X70 PLUS 1.5T 6DCT 5 places Chine Concessionnaire automobile - Auto en Chine\" href=\"https:\/\/www.auto-in-china.com\/fr\/product\/2025-jetour-x70-plus-1-5t-6dct-5-seater-china-car-dealer\/?utm_source=chatgpt.com\">Auto in China<\/a>) Version plus puissante : ~184 ch, couple \u2248 290 Nm pour certaines versions. (<a title=\"Jetour X70 Plus (facelift 2024) 1.5 TGDI (184 Hp) DCT | Technical specs, data, fuel consumption, Dimensions\" href=\"https:\/\/www.auto-data.net\/en\/jetour-x70-plus-facelift-2024-1.5-tgdi-184hp-dct-54274?utm_source=chatgpt.com\">Auto Data<\/a>)<\/td><\/tr><tr><td><strong>Transmission<\/strong><\/td><td>Bo\u00eete double embrayage (DCT) \u2013 6 vitesses sur les versions \u201cmoyennes\u201d, 7 DCT sur certaines versions premium. (<a title=\"2025 JETOUR X70 PLUS 1.5T 6DCT 5 places Chine Concessionnaire automobile - Auto en Chine\" href=\"https:\/\/www.auto-in-china.com\/fr\/product\/2025-jetour-x70-plus-1-5t-6dct-5-seater-china-car-dealer\/?utm_source=chatgpt.com\">Auto in China<\/a>)<\/td><\/tr><tr><td><strong>Traction<\/strong><\/td><td>Transmission aux roues avant (2WD) (<a title=\"Jetour X70 Plus 2025|Rong Wei Car-Rongwei International Trading Co., Ltd.\" href=\"https:\/\/www.rongweiusedcar.com\/jetour-x70-plus-2025.html?utm_source=chatgpt.com\">Rongwei Used Car<\/a>)<\/td><\/tr><tr><td><strong>Dimensions ext\u00e9rieures<\/strong><\/td><td>Longueur : ~ 4 749 mm Largeur : ~ 1 900 mm Hauteur : ~ 1 720 mm Empattement : ~ 2 745 mm (<a title=\"Jetour X70 plus 2025 Models \u2013 YouHu Auto Mobile\" href=\"https:\/\/www.youhuauto.com\/products\/jetour-x70-plus-2025-models?utm_source=chatgpt.com\">YouHu Auto Mobile<\/a>)<\/td><\/tr><tr><td><strong>Configurations des si\u00e8ges<\/strong><\/td><td>Disponible en versions <strong>5 places<\/strong> ou <strong>7 places<\/strong> selon la version choisie. (<a title=\"Jetour X70 plus 2025 Models \u2013 YouHu Auto Mobile\" href=\"https:\/\/www.youhuauto.com\/products\/jetour-x70-plus-2025-models?utm_source=chatgpt.com\">YouHu Auto Mobile<\/a>)<\/td><\/tr><tr><td><strong>Vitesse maximale<\/strong><\/td><td>\u2248 <strong>180 km\/h<\/strong> pour la plupart des versions essence. (<a title=\"2025 JETOUR X70 PLUS 1.5T 6DCT 5 places Chine Concessionnaire automobile - Auto en Chine\" href=\"https:\/\/www.auto-in-china.com\/fr\/product\/2025-jetour-x70-plus-1-5t-6dct-5-seater-china-car-dealer\/?utm_source=chatgpt.com\">Auto in China<\/a>)<\/td><\/tr><tr><td><strong>Consommation \/ \u00c9missions<\/strong><\/td><td>En mode combin\u00e9 (WLTC notamment) : \u2248 <strong>7,44 L\/100 km<\/strong> pour la version 184 ch. (<a title=\"Jetour X70 PLUS 2025 1.5T Luxury Pulsation Edition 5-Seater - Jetour - YungeAuto\" href=\"https:\/\/www.yungeauto.com\/post\/48.html?utm_source=chatgpt.com\">Yunge Auto<\/a>) \u2248 7,8 L\/100 km pour la version 156 ch. (<a title=\"X70 PLUS\" href=\"https:\/\/www.jetourmidrand.co.za\/models\/x70-plus\/files\/brochures\/Jetour-X70-Plus-Brochure-1.pdf?utm_source=chatgpt.com\">Jetour Midrand<\/a>)<\/td><\/tr><tr><td><strong>Capacit\u00e9 du r\u00e9servoir<\/strong><\/td><td>\u2248 <strong>57 litres<\/strong> (<a title=\"Jetour X70 plus 2025 Models \u2013 YouHu Auto Mobile\" href=\"https:\/\/www.youhuauto.com\/products\/jetour-x70-plus-2025-models?utm_source=chatgpt.com\">YouHu Auto Mobile<\/a>)<\/td><\/tr><tr><td><strong>Poids \u00e0 vide<\/strong><\/td><td>Environ 1 548 \u00e0 1 584 kg selon version (5 ou 7 places, \u00e9quipements). (<a title=\"Jetour X70 plus 2025 Models \u2013 YouHu Auto Mobile\" href=\"https:\/\/www.youhuauto.com\/products\/jetour-x70-plus-2025-models?utm_source=chatgpt.com\">YouHu Auto Mobile<\/a>)<\/td><\/tr><tr><td><strong>Roues \/ Pneus<\/strong><\/td><td>Taille typique \u2248 <strong>235\/55 R19<\/strong> sur certaines versions. (<a title=\"Nouvelle Jetour X70 Plus 2025 7 places Auto Adulte Essence Voiture Intelligente Carburant Huile Automobile Chery SUV - Chine Nouvelle Jetour X70 plus, Chery Jetour car\" href=\"https:\/\/fr.made-in-china.com\/co_kiwicar\/product_New-Jetour-X70-Plus-2025-7-Seater-Auto-Adult-Petrol-Smart-Car-Fuel-Oil-Automotive-Chery-SUV_ysrgsnshoy.html?utm_source=chatgpt.com\">Made-in-China<\/a>)<\/td><\/tr><tr><td><strong>Suspensions \/ Direction \/ Freinage<\/strong><\/td><td>Suspension avant ind\u00e9pendante de type McPherson Suspension arri\u00e8re multibras ind\u00e9pendante selon version. (<a title=\"Nouvelle Jetour X70 Plus 2025 7 places Auto Adulte Essence Voiture Intelligente Carburant Huile Automobile Chery SUV - Chine Nouvelle Jetour X70 plus, Chery Jetour car\" href=\"https:\/\/fr.made-in-china.com\/co_kiwicar\/product_New-Jetour-X70-Plus-2025-7-Seater-Auto-Adult-Petrol-Smart-Car-Fuel-Oil-Automotive-Chery-SUV_ysrgsnshoy.html?utm_source=chatgpt.com\">Made-in-China<\/a>) Direction assist\u00e9e \u00e9lectrique Frein avant et arri\u00e8re \u00e0 disques. (<a title=\"Nouvelle Jetour X70 Plus 2025 7 places Auto Adulte Essence Voiture Intelligente Carburant Huile Automobile Chery SUV - Chine Nouvelle Jetour X70 plus, Chery Jetour car\" href=\"https:\/\/fr.made-in-china.com\/co_kiwicar\/product_New-Jetour-X70-Plus-2025-7-Seater-Auto-Adult-Petrol-Smart-Car-Fuel-Oil-Automotive-Chery-SUV_ysrgsnshoy.html?utm_source=chatgpt.com\">Made-in-China<\/a>)<\/td><\/tr><tr><td><strong>Equipement int\u00e9rieur \/ confort<\/strong><\/td><td>Certaines versions incluent : \u2022 Climatisation \/ conditionnement d\u2019air multi-zones \u2022 Si\u00e8ges chauffants \/ ventilation optionnels \u2022 Si\u00e8ges en cuir ou similicuir selon version \u2022 \u00c9crans panoramiques \/ infotainment \/ \u00e9cran d\u2019instrumentation num\u00e9rique \u2022 Cam\u00e9ras de recul \/ vue \u00e0 360\u00b0 \u2022 LED pour les feux avant et arri\u00e8re \u2022 Toit panoramique ou toit ouvrant sur certaines d\u00e9clinaisons. (<a title=\"Nouvelle Jetour X70 Plus 2025 7 places Auto Adulte Essence Voiture Intelligente Carburant Huile Automobile Chery SUV - Chine Nouvelle Jetour X70 plus, Chery Jetour car\" href=\"https:\/\/fr.made-in-china.com\/co_kiwicar\/product_New-Jetour-X70-Plus-2025-7-Seater-Auto-Adult-Petrol-Smart-Car-Fuel-Oil-Automotive-Chery-SUV_ysrgsnshoy.html?utm_source=chatgpt.com\">Made-in-China<\/a>)<\/td><\/tr><tr><td><strong>S\u00e9curit\u00e9<\/strong><\/td><td>ABS, ESP ou \u00e9quivalent, capteurs de stationnement avant\/arri\u00e8re, cam\u00e9ras, airbags multiples selon version. (<a title=\"Nouvelle Jetour X70 Plus 2025 7 places Auto Adulte Essence Voiture Intelligente Carburant Huile Automobile Chery SUV - Chine Nouvelle Jetour X70 plus, Chery Jetour car\" href=\"https:\/\/fr.made-in-china.com\/co_kiwicar\/product_New-Jetour-X70-Plus-2025-7-Seater-Auto-Adult-Petrol-Smart-Car-Fuel-Oil-Automotive-Chery-SUV_ysrgsnshoy.html?utm_source=chatgpt.com\">Made-in-China<\/a>)<\/td><\/tr><tr><td><strong>Garantie<\/strong><\/td><td>Certains march\u00e9s : garantie de <strong>10 ans ou 200 000 km<\/strong>. (<a title=\"Jetour X70 PLUS 2025 1.5T Luxury Pulsation Edition 5-Seater - Jetour - YungeAuto\" href=\"https:\/\/www.yungeauto.com\/post\/48.html?utm_source=chatgpt.com\">Yunge Auto<\/a>)<\/td><\/tr><\/tbody><\/table>\t\t\t\t\t\t\t\t<\/div>\n\t\t\t\t<\/div>\n\t\t\t\t<section class=\"elementor-section elementor-inner-section elementor-element elementor-element-88738cf elementor-section-boxed elementor-section-height-default elementor-section-height-default\" data-id=\"88738cf\" data-element_type=\"section\">\n\t\t\t\t\t\t<div class=\"elementor-container elementor-column-gap-default\">\n\t\t\t\t\t<div class=\"elementor-column elementor-col-50 elementor-inner-column elementor-element elementor-element-aed7ed2\" data-id=\"aed7ed2\" data-element_type=\"column\">\n\t\t\t<div class=\"elementor-widget-wrap elementor-element-populated\">\n\t\t\t\t\t\t<div class=\"elementor-element elementor-element-7d46f6b elementor-widget elementor-widget-image\" data-id=\"7d46f6b\" data-element_type=\"widget\" data-widget_type=\"image.default\">\n\t\t\t\t<div class=\"elementor-widget-container\">\n\t\t\t\t\t\t\t\t\t\t\t\t\t\t\t<img fetchpriority=\"high\" decoding=\"async\" width=\"750\" height=\"500\" src=\"https:\/\/i0.wp.com\/comao-trading.com\/wp-content\/uploads\/2021\/06\/IMG-20250903-WA0005.jpg?fit=750%2C500&amp;ssl=1\" class=\"attachment-full size-full wp-image-8764\" alt=\"\" \/>\t\t\t\t\t\t\t\t\t\t\t\t\t\t\t<\/div>\n\t\t\t\t<\/div>\n\t\t\t\t\t<\/div>\n\t\t<\/div>\n\t\t\t\t<div class=\"elementor-column elementor-col-50 elementor-inner-column elementor-element elementor-element-20cf34a\" data-id=\"20cf34a\" data-element_type=\"column\">\n\t\t\t<div class=\"elementor-widget-wrap elementor-element-populated\">\n\t\t\t\t\t\t<div class=\"elementor-element elementor-element-f955482 elementor-widget elementor-widget-image\" data-id=\"f955482\" data-element_type=\"widget\" data-widget_type=\"image.default\">\n\t\t\t\t<div class=\"elementor-widget-container\">\n\t\t\t\t\t\t\t\t\t\t\t\t\t\t\t<img decoding=\"async\" width=\"750\" height=\"500\" src=\"https:\/\/i0.wp.com\/comao-trading.com\/wp-content\/uploads\/2021\/06\/IMG-20250903-WA0004.jpg?fit=750%2C500&amp;ssl=1\" class=\"attachment-full size-full wp-image-8763\" alt=\"\" \/>\t\t\t\t\t\t\t\t\t\t\t\t\t\t\t<\/div>\n\t\t\t\t<\/div>\n\t\t\t\t\t<\/div>\n\t\t<\/div>\n\t\t\t\t\t<\/div>\n\t\t<\/section>\n\t\t\t\t<section class=\"elementor-section elementor-inner-section elementor-element elementor-element-5a9d30e elementor-section-boxed elementor-section-height-default elementor-section-height-default\" data-id=\"5a9d30e\" data-element_type=\"section\">\n\t\t\t\t\t\t<div class=\"elementor-container elementor-column-gap-default\">\n\t\t\t\t\t<div class=\"elementor-column elementor-col-50 elementor-inner-column elementor-element elementor-element-e2ac7a3\" data-id=\"e2ac7a3\" data-element_type=\"column\">\n\t\t\t<div class=\"elementor-widget-wrap elementor-element-populated\">\n\t\t\t\t\t\t<div class=\"elementor-element elementor-element-e02572b elementor-widget elementor-widget-image\" data-id=\"e02572b\" data-element_type=\"widget\" data-widget_type=\"image.default\">\n\t\t\t\t<div class=\"elementor-widget-container\">\n\t\t\t\t\t\t\t\t\t\t\t\t\t\t\t<img decoding=\"async\" width=\"750\" height=\"500\" src=\"https:\/\/i0.wp.com\/comao-trading.com\/wp-content\/uploads\/2021\/06\/IMG-20250903-WA0001.jpg?fit=750%2C500&amp;ssl=1\" class=\"attachment-full size-full wp-image-8760\" alt=\"\" \/>\t\t\t\t\t\t\t\t\t\t\t\t\t\t\t<\/div>\n\t\t\t\t<\/div>\n\t\t\t\t\t<\/div>\n\t\t<\/div>\n\t\t\t\t<div class=\"elementor-column elementor-col-50 elementor-inner-column elementor-element elementor-element-3ee71e7\" data-id=\"3ee71e7\" data-element_type=\"column\">\n\t\t\t<div class=\"elementor-widget-wrap elementor-element-populated\">\n\t\t\t\t\t\t<div class=\"elementor-element elementor-element-c71a7a3 elementor-widget elementor-widget-image\" data-id=\"c71a7a3\" data-element_type=\"widget\" data-widget_type=\"image.default\">\n\t\t\t\t<div class=\"elementor-widget-container\">\n\t\t\t\t\t\t\t\t\t\t\t\t\t\t\t<img loading=\"lazy\" decoding=\"async\" width=\"1079\" height=\"598\" src=\"https:\/\/i0.wp.com\/comao-trading.com\/wp-content\/uploads\/2021\/06\/IMG-20250903-WA0007.jpg?fit=1079%2C598&amp;ssl=1\" class=\"attachment-full size-full wp-image-8765\" alt=\"\" \/>\t\t\t\t\t\t\t\t\t\t\t\t\t\t\t<\/div>\n\t\t\t\t<\/div>\n\t\t\t\t\t<\/div>\n\t\t<\/div>\n\t\t\t\t\t<\/div>\n\t\t<\/section>\n\t\t\t\t<section class=\"elementor-section elementor-inner-section elementor-element elementor-element-56f38df elementor-section-boxed elementor-section-height-default elementor-section-height-default\" data-id=\"56f38df\" data-element_type=\"section\">\n\t\t\t\t\t\t<div class=\"elementor-container elementor-column-gap-default\">\n\t\t\t\t\t<div class=\"elementor-column elementor-col-50 elementor-inner-column elementor-element elementor-element-1387e92\" data-id=\"1387e92\" data-element_type=\"column\">\n\t\t\t<div class=\"elementor-widget-wrap elementor-element-populated\">\n\t\t\t\t\t\t<div class=\"elementor-element elementor-element-6159fa4 elementor-widget elementor-widget-image\" data-id=\"6159fa4\" data-element_type=\"widget\" data-widget_type=\"image.default\">\n\t\t\t\t<div class=\"elementor-widget-container\">\n\t\t\t\t\t\t\t\t\t\t\t\t\t\t\t<img loading=\"lazy\" decoding=\"async\" width=\"750\" height=\"500\" src=\"https:\/\/i0.wp.com\/comao-trading.com\/wp-content\/uploads\/2021\/06\/IMG-20250903-WA0002.jpg?fit=750%2C500&amp;ssl=1\" class=\"attachment-full size-full wp-image-8761\" alt=\"\" \/>\t\t\t\t\t\t\t\t\t\t\t\t\t\t\t<\/div>\n\t\t\t\t<\/div>\n\t\t\t\t\t<\/div>\n\t\t<\/div>\n\t\t\t\t<div class=\"elementor-column elementor-col-50 elementor-inner-column elementor-element elementor-element-573ecc4\" data-id=\"573ecc4\" data-element_type=\"column\">\n\t\t\t<div class=\"elementor-widget-wrap elementor-element-populated\">\n\t\t\t\t\t\t<div class=\"elementor-element elementor-element-e02767a elementor-widget elementor-widget-image\" data-id=\"e02767a\" data-element_type=\"widget\" data-widget_type=\"image.default\">\n\t\t\t\t<div class=\"elementor-widget-container\">\n\t\t\t\t\t\t\t\t\t\t\t\t\t\t\t<img loading=\"lazy\" decoding=\"async\" width=\"750\" height=\"500\" src=\"https:\/\/i0.wp.com\/comao-trading.com\/wp-content\/uploads\/2021\/06\/IMG-20250903-WA0003.jpg?fit=750%2C500&amp;ssl=1\" class=\"attachment-full size-full wp-image-8762\" alt=\"\" \/>\t\t\t\t\t\t\t\t\t\t\t\t\t\t\t<\/div>\n\t\t\t\t<\/div>\n\t\t\t\t\t<\/div>\n\t\t<\/div>\n\t\t\t\t\t<\/div>\n\t\t<\/section>\n\t\t\t\t\t<\/div>\n\t\t<\/div>\n\t\t\t\t\t<\/div>\n\t\t<\/section>\n\t\t\t\t<\/div>\n\t\t","protected":false},"excerpt":{"rendered":"<ul>\n<li>\n<table>\n<thead>\n<tr>\n<th>Cat\u00e9gorie<\/th>\n<th>D\u00e9tail<\/th>\n<\/tr>\n<\/thead>\n<tbody>\n<tr>\n<td><strong>Marque \/ Mod\u00e8le<\/strong><\/td>\n<td>Jetour X70 Plus 2025<\/td>\n<\/tr>\n<tr>\n<td><strong>Segment<\/strong><\/td>\n<td>SUV familial \/ interm\u00e9diaire<\/td>\n<\/tr>\n<tr>\n<td><strong>\u00c9nergie \/ Motorisation<\/strong><\/td>\n<td>Essence, moteur turbo 1.5 L (4 cylindres, ligne, turbo) (<a title=\"2025 JETOUR X70 PLUS 1.5T 6DCT 5 places Chine Concessionnaire automobile - Auto en Chine\" href=\"https:\/\/www.auto-in-china.com\/fr\/product\/2025-jetour-x70-plus-1-5t-6dct-5-seater-china-car-dealer\/?utm_source=chatgpt.com\">Auto in China<\/a>)<\/td>\n<\/tr>\n<tr>\n<td><strong>Versions de puissance<\/strong><\/td>\n<td>~156 ch (115 kW), couple \u2248 230 Nm \u2013 version de base. (<a title=\"2025 JETOUR X70 PLUS 1.5T 6DCT 5 places Chine Concessionnaire automobile - Auto en Chine\" href=\"https:\/\/www.auto-in-china.com\/fr\/product\/2025-jetour-x70-plus-1-5t-6dct-5-seater-china-car-dealer\/?utm_source=chatgpt.com\">Auto in China<\/a>) Version plus puissante : ~184 ch, couple \u2248 290 Nm pour certaines versions. (<a title=\"Jetour X70 Plus (facelift 2024) 1.5 TGDI (184 Hp) DCT | Technical specs, data, fuel consumption, Dimensions\" href=\"https:\/\/www.auto-data.net\/en\/jetour-x70-plus-facelift-2024-1.5-tgdi-184hp-dct-54274?utm_source=chatgpt.com\">Auto Data<\/a>)<\/td>\n<\/tr>\n<tr>\n<td><strong>Transmission<\/strong><\/td>\n<td>Bo\u00eete double embrayage (DCT) \u2013 6 vitesses sur les versions \u201cmoyennes\u201d, 7 DCT sur certaines versions premium. (<a title=\"2025 JETOUR X70 PLUS 1.5T 6DCT 5 places Chine Concessionnaire automobile - Auto en Chine\" href=\"https:\/\/www.auto-in-china.com\/fr\/product\/2025-jetour-x70-plus-1-5t-6dct-5-seater-china-car-dealer\/?utm_source=chatgpt.com\">Auto in China<\/a>)<\/td>\n<\/tr>\n<tr>\n<td><strong>Traction<\/strong><\/td>\n<td>Transmission aux roues avant (2WD) (<a title=\"Jetour X70 Plus 2025|Rong Wei Car-Rongwei International Trading Co., Ltd.\" href=\"https:\/\/www.rongweiusedcar.com\/jetour-x70-plus-2025.html?utm_source=chatgpt.com\">Rongwei Used Car<\/a>)<\/td>\n<\/tr>\n<tr>\n<td><strong>Dimensions ext\u00e9rieures<\/strong><\/td>\n<td>Longueur : ~ 4 749 mm Largeur : ~ 1 900 mm Hauteur : ~ 1 720 mm Empattement : ~ 2 745 mm (<a title=\"Jetour X70 plus 2025 Models \u2013 YouHu Auto Mobile\" href=\"https:\/\/www.youhuauto.com\/products\/jetour-x70-plus-2025-models?utm_source=chatgpt.com\">YouHu Auto Mobile<\/a>)<\/td>\n<\/tr>\n<tr>\n<td><strong>Configurations des si\u00e8ges<\/strong><\/td>\n<td>Disponible en versions <strong>5 places<\/strong> ou <strong>7 places<\/strong> selon la version choisie. (<a title=\"Jetour X70 plus 2025 Models \u2013 YouHu Auto Mobile\" href=\"https:\/\/www.youhuauto.com\/products\/jetour-x70-plus-2025-models?utm_source=chatgpt.com\">YouHu Auto Mobile<\/a>)<\/td>\n<\/tr>\n<tr>\n<td><strong>Vitesse maximale<\/strong><\/td>\n<td>\u2248 <strong>180 km\/h<\/strong> pour la plupart des versions essence. (<a title=\"2025 JETOUR X70 PLUS 1.5T 6DCT 5 places Chine Concessionnaire automobile - Auto en Chine\" href=\"https:\/\/www.auto-in-china.com\/fr\/product\/2025-jetour-x70-plus-1-5t-6dct-5-seater-china-car-dealer\/?utm_source=chatgpt.com\">Auto in China<\/a>)<\/td>\n<\/tr>\n<tr>\n<td><strong>Consommation \/ \u00c9missions<\/strong><\/td>\n<td>En mode combin\u00e9 (WLTC notamment) : \u2248 <strong>7,44 L\/100 km<\/strong> pour la version 184 ch. (<a title=\"Jetour X70 PLUS 2025 1.5T Luxury Pulsation Edition 5-Seater - Jetour - YungeAuto\" href=\"https:\/\/www.yungeauto.com\/post\/48.html?utm_source=chatgpt.com\">Yunge Auto<\/a>) \u2248 7,8 L\/100 km pour la version 156 ch. (<a title=\"X70 PLUS\" href=\"https:\/\/www.jetourmidrand.co.za\/models\/x70-plus\/files\/brochures\/Jetour-X70-Plus-Brochure-1.pdf?utm_source=chatgpt.com\">Jetour Midrand<\/a>)<\/td>\n<\/tr>\n<tr>\n<td><strong>Capacit\u00e9 du r\u00e9servoir<\/strong><\/td>\n<td>\u2248 <strong>57 litres<\/strong> (<a title=\"Jetour X70 plus 2025 Models \u2013 YouHu Auto Mobile\" href=\"https:\/\/www.youhuauto.com\/products\/jetour-x70-plus-2025-models?utm_source=chatgpt.com\">YouHu Auto Mobile<\/a>)<\/td>\n<\/tr>\n<tr>\n<td><strong>Poids \u00e0 vide<\/strong><\/td>\n<td>Environ 1 548 \u00e0 1 584 kg selon version (5 ou 7 places, \u00e9quipements). (<a title=\"Jetour X70 plus 2025 Models \u2013 YouHu Auto Mobile\" href=\"https:\/\/www.youhuauto.com\/products\/jetour-x70-plus-2025-models?utm_source=chatgpt.com\">YouHu Auto Mobile<\/a>)<\/td>\n<\/tr>\n<tr>\n<td><strong>Roues \/ Pneus<\/strong><\/td>\n<td>Taille typique \u2248 <strong>235\/55 R19<\/strong> sur certaines versions. (<a title=\"Nouvelle Jetour X70 Plus 2025 7 places Auto Adulte Essence Voiture Intelligente Carburant Huile Automobile Chery SUV - Chine Nouvelle Jetour X70 plus, Chery Jetour car\" href=\"https:\/\/fr.made-in-china.com\/co_kiwicar\/product_New-Jetour-X70-Plus-2025-7-Seater-Auto-Adult-Petrol-Smart-Car-Fuel-Oil-Automotive-Chery-SUV_ysrgsnshoy.html?utm_source=chatgpt.com\">Made-in-China<\/a>)<\/td>\n<\/tr>\n<tr>\n<td><strong>Suspensions \/ Direction \/ Freinage<\/strong><\/td>\n<td>Suspension avant ind\u00e9pendante de type McPherson Suspension arri\u00e8re multibras ind\u00e9pendante selon version. (<a title=\"Nouvelle Jetour X70 Plus 2025 7 places Auto Adulte Essence Voiture Intelligente Carburant Huile Automobile Chery SUV - Chine Nouvelle Jetour X70 plus, Chery Jetour car\" href=\"https:\/\/fr.made-in-china.com\/co_kiwicar\/product_New-Jetour-X70-Plus-2025-7-Seater-Auto-Adult-Petrol-Smart-Car-Fuel-Oil-Automotive-Chery-SUV_ysrgsnshoy.html?utm_source=chatgpt.com\">Made-in-China<\/a>) Direction assist\u00e9e \u00e9lectrique Frein avant et arri\u00e8re \u00e0 disques. (<a title=\"Nouvelle Jetour X70 Plus 2025 7 places Auto Adulte Essence Voiture Intelligente Carburant Huile Automobile Chery SUV - Chine Nouvelle Jetour X70 plus, Chery Jetour car\" href=\"https:\/\/fr.made-in-china.com\/co_kiwicar\/product_New-Jetour-X70-Plus-2025-7-Seater-Auto-Adult-Petrol-Smart-Car-Fuel-Oil-Automotive-Chery-SUV_ysrgsnshoy.html?utm_source=chatgpt.com\">Made-in-China<\/a>)<\/td>\n<\/tr>\n<tr>\n<td><strong>Equipement int\u00e9rieur \/ confort<\/strong><\/td>\n<td>Certaines versions incluent : \u2022 Climatisation \/ conditionnement d\u2019air multi-zones \u2022 Si\u00e8ges chauffants \/ ventilation optionnels \u2022 Si\u00e8ges en cuir ou similicuir selon version \u2022 \u00c9crans panoramiques \/ infotainment \/ \u00e9cran d\u2019instrumentation num\u00e9rique \u2022 Cam\u00e9ras de recul \/ vue \u00e0 360\u00b0 \u2022 LED pour les feux avant et arri\u00e8re \u2022 Toit panoramique ou toit ouvrant sur certaines d\u00e9clinaisons. (<a title=\"Nouvelle Jetour X70 Plus 2025 7 places Auto Adulte Essence Voiture Intelligente Carburant Huile Automobile Chery SUV - Chine Nouvelle Jetour X70 plus, Chery Jetour car\" href=\"https:\/\/fr.made-in-china.com\/co_kiwicar\/product_New-Jetour-X70-Plus-2025-7-Seater-Auto-Adult-Petrol-Smart-Car-Fuel-Oil-Automotive-Chery-SUV_ysrgsnshoy.html?utm_source=chatgpt.com\">Made-in-China<\/a>)<\/td>\n<\/tr>\n<tr>\n<td><strong>S\u00e9curit\u00e9<\/strong><\/td>\n<td>ABS, ESP ou \u00e9quivalent, capteurs de stationnement avant\/arri\u00e8re, cam\u00e9ras, airbags multiples selon version. (<a title=\"Nouvelle Jetour X70 Plus 2025 7 places Auto Adulte Essence Voiture Intelligente Carburant Huile Automobile Chery SUV - Chine Nouvelle Jetour X70 plus, Chery Jetour car\" href=\"https:\/\/fr.made-in-china.com\/co_kiwicar\/product_New-Jetour-X70-Plus-2025-7-Seater-Auto-Adult-Petrol-Smart-Car-Fuel-Oil-Automotive-Chery-SUV_ysrgsnshoy.html?utm_source=chatgpt.com\">Made-in-China<\/a>)<\/td>\n<\/tr>\n<tr>\n<td><strong>Garantie<\/strong><\/td>\n<td>Certains march\u00e9s : garantie de <strong>10 ans ou 200 000 km<\/strong>. (<a title=\"Jetour X70 PLUS 2025 1.5T Luxury Pulsation Edition 5-Seater - Jetour - YungeAuto\" href=\"https:\/\/www.yungeauto.com\/post\/48.html?utm_source=chatgpt.com\">Yunge Auto<\/a>)<\/td>\n<\/tr>\n<\/tbody>\n<\/table>\n<\/li>\n<\/ul>\n","protected":false},"featured_media":8760,"comment_status":"open","ping_status":"closed","template":"","meta":{"_acf_changed":false,"om_disable_all_campaigns":false,"_monsterinsights_skip_tracking":false,"_monsterinsights_sitenote_active":false,"_monsterinsights_sitenote_note":"","_monsterinsights_sitenote_category":0,"_uf_show_specific_survey":0,"_uf_disable_surveys":false,"jetpack_post_was_ever_published":false},"product_brand":[],"product_cat":[264,61],"product_tag":[282,306,307],"class_list":{"0":"post-6300","1":"product","2":"type-product","3":"status-publish","4":"has-post-thumbnail","6":"product_cat-babies-toys","7":"product_cat-car-electronic-gps","8":"product_tag-fashion","9":"product_tag-men","10":"product_tag-menswear","13":"instock","14":"taxable","15":"shipping-taxable","16":"product-type-grouped"},"acf":[],"aioseo_notices":[],"jetpack-related-posts":[],"jetpack_sharing_enabled":true,"_links":{"self":[{"href":"https:\/\/comao-trading.com\/index.php?rest_route=\/wp\/v2\/product\/6300","targetHints":{"allow":["GET"]}}],"collection":[{"href":"https:\/\/comao-trading.com\/index.php?rest_route=\/wp\/v2\/product"}],"about":[{"href":"https:\/\/comao-trading.com\/index.php?rest_route=\/wp\/v2\/types\/product"}],"replies":[{"embeddable":true,"href":"https:\/\/comao-trading.com\/index.php?rest_route=%2Fwp%2Fv2%2Fcomments&post=6300"}],"version-history":[{"count":6,"href":"https:\/\/comao-trading.com\/index.php?rest_route=\/wp\/v2\/product\/6300\/revisions"}],"predecessor-version":[{"id":8770,"href":"https:\/\/comao-trading.com\/index.php?rest_route=\/wp\/v2\/product\/6300\/revisions\/8770"}],"wp:featuredmedia":[{"embeddable":true,"href":"https:\/\/comao-trading.com\/index.php?rest_route=\/wp\/v2\/media\/8760"}],"wp:attachment":[{"href":"https:\/\/comao-trading.com\/index.php?rest_route=%2Fwp%2Fv2%2Fmedia&parent=6300"}],"wp:term":[{"taxonomy":"product_brand","embeddable":true,"href":"https:\/\/comao-trading.com\/index.php?rest_route=%2Fwp%2Fv2%2Fproduct_brand&post=6300"},{"taxonomy":"product_cat","embeddable":true,"href":"https:\/\/comao-trading.com\/index.php?rest_route=%2Fwp%2Fv2%2Fproduct_cat&post=6300"},{"taxonomy":"product_tag","embeddable":true,"href":"https:\/\/comao-trading.com\/index.php?rest_route=%2Fwp%2Fv2%2Fproduct_tag&post=6300"}],"curies":[{"name":"wp","href":"https:\/\/api.w.org\/{rel}","templated":true}]}}